{"id":2585,"date":"2018-03-09T14:32:33","date_gmt":"2018-03-09T14:32:33","guid":{"rendered":"https:\/\/www.elvim.lv\/produkti\/"},"modified":"2019-10-23T19:05:56","modified_gmt":"2019-10-23T16:05:56","slug":"products","status":"publish","type":"page","link":"https:\/\/www.elvim.lv\/en\/products\/","title":{"rendered":"Products"},"content":{"rendered":"<div id='av-layout-grid-1'  class='av-layout-grid-container av-ragok2-361369f98e9f2e1d9b1525888564b933 entry-content-wrapper main_color av-fixed-cells  avia-builder-el-0  el_before_av_layout_row  avia-builder-el-first   container_wrap sidebar_right'  >\n\n<style type=\"text\/css\" data-created_by=\"avia_inline_auto\" id=\"style-css-av-pfh7aa-790211e7bcf2ff36c5de16ffb8c6d8f6\">\n.flex_cell.av-pfh7aa-790211e7bcf2ff36c5de16ffb8c6d8f6{\nvertical-align:middle;\nheight:300px;\nmin-height:300px;\nbackground:url(https:\/\/www.elvim.lv\/wp-content\/uploads\/2018\/12\/shapka1.png) 50% 50% no-repeat fixed ;\n}\n.responsive #top #wrap_all .flex_cell.av-pfh7aa-790211e7bcf2ff36c5de16ffb8c6d8f6{\npadding:0px 0px 0px 0px !important;\n}\n<\/style>\n<div class='flex_cell av-pfh7aa-790211e7bcf2ff36c5de16ffb8c6d8f6 av-gridrow-cell av_one_full no_margin  avia-builder-el-1  avia-builder-el-no-sibling  content-align-middle av-zero-padding avia-full-stretch'  ><div class='flex_cell_inner'>\n<style type=\"text\/css\" data-created_by=\"avia_inline_auto\" id=\"style-css-av-k23gnpfn-b360728fcd3deedc9e50bf81c3d06a19\">\n#top .av-special-heading.av-k23gnpfn-b360728fcd3deedc9e50bf81c3d06a19{\npadding-bottom:10px;\nfont-size:34px;\n}\nbody .av-special-heading.av-k23gnpfn-b360728fcd3deedc9e50bf81c3d06a19 .av-special-heading-tag .heading-char{\nfont-size:25px;\n}\n#top #wrap_all .av-special-heading.av-k23gnpfn-b360728fcd3deedc9e50bf81c3d06a19 .av-special-heading-tag{\nfont-size:34px;\n}\n.av-special-heading.av-k23gnpfn-b360728fcd3deedc9e50bf81c3d06a19 .av-subheading{\nfont-size:15px;\n}\n\n@media only screen and (min-width: 480px) and (max-width: 767px){ \n#top #wrap_all .av-special-heading.av-k23gnpfn-b360728fcd3deedc9e50bf81c3d06a19 .av-special-heading-tag{\nfont-size:0.8em;\n}\n}\n\n@media only screen and (max-width: 479px){ \n#top #wrap_all .av-special-heading.av-k23gnpfn-b360728fcd3deedc9e50bf81c3d06a19 .av-special-heading-tag{\nfont-size:0.8em;\n}\n}\n<\/style>\n<div  class='av-special-heading av-k23gnpfn-b360728fcd3deedc9e50bf81c3d06a19 av-special-heading-h3 custom-color-heading blockquote modern-quote modern-centered  avia-builder-el-2  avia-builder-el-no-sibling  av-inherit-size'><h3 class='av-special-heading-tag '  itemprop=\"headline\"  >Products<\/h3><div class=\"special-heading-border\"><div class=\"special-heading-inner-border\"><\/div><\/div><\/div>\n<\/div><\/div>\n<\/div>\n<div id='av-layout-grid-2'  class='av-layout-grid-container av-mtg7pu-62916456398e643e94dd7a64058c20d6 entry-content-wrapper main_color av-flex-cells  avia-builder-el-3  el_after_av_layout_row  avia-builder-el-last  grid-row-not-first  container_wrap sidebar_right'  >\n\n<style type=\"text\/css\" data-created_by=\"avia_inline_auto\" id=\"style-css-av-kpy8hu-1c97ad96439b42fe1d890b6d9740be45\">\n.flex_cell.av-kpy8hu-1c97ad96439b42fe1d890b6d9740be45{\nvertical-align:top;\n}\n.responsive #top #wrap_all .flex_cell.av-kpy8hu-1c97ad96439b42fe1d890b6d9740be45{\npadding:30px 30px 30px 30px !important;\n}\n<\/style>\n<div class='flex_cell av-kpy8hu-1c97ad96439b42fe1d890b6d9740be45 av-gridrow-cell av_one_third no_margin  avia-builder-el-4  el_before_av_cell_one_third  avia-builder-el-first  content-align-top avia-full-stretch'  ><div class='flex_cell_inner'><p>\n<style type=\"text\/css\" data-created_by=\"avia_inline_auto\" id=\"style-css-av-j4deky-3370edadef868a7b3cee2fcf0893cc77\">\n.avia-image-container.av-j4deky-3370edadef868a7b3cee2fcf0893cc77 img.avia_image{\nbox-shadow:none;\n}\n.avia-image-container.av-j4deky-3370edadef868a7b3cee2fcf0893cc77 .av-caption-image-overlay-bg{\nopacity:0.2;\nbackground-color:#c4e7ff;\n}\n.avia-image-container.av-j4deky-3370edadef868a7b3cee2fcf0893cc77 .av-image-caption-overlay-center{\ncolor:#353535;\nfont-size:30px;\n}\n<\/style>\n<div  class='avia-image-container av-j4deky-3370edadef868a7b3cee2fcf0893cc77 av-styling- av-img-linked avia-align-center  avia-builder-el-5  el_before_av_textblock  avia-builder-el-first  noHover av-overlay-hover-deactivate'   itemprop=\"image\" itemscope=\"itemscope\" itemtype=\"https:\/\/schema.org\/ImageObject\" ><div class=\"avia-image-container-inner\"><div class=\"avia-image-overlay-wrap\"><a href=\"https:\/\/www.elvim.lv\/produkti\/slimnicam\/\" class='avia_image '  aria-label='slimnicam'><div class=\"av-image-caption-overlay\"><div class=\"av-caption-image-overlay-bg\"><\/div><div class=\"av-image-caption-overlay-position\"><div class=\"av-image-caption-overlay-center\"><\/div><\/div><\/div><img decoding=\"async\" fetchpriority=\"high\" class='wp-image-2426 avia-img-lazy-loading-not-2426 avia_image ' src=\"https:\/\/www.elvim.lv\/wp-content\/uploads\/2018\/12\/slimnicam.jpg\" alt='' title='slimnicam'  height=\"650\" width=\"975\"  itemprop=\"thumbnailUrl\" srcset=\"https:\/\/www.elvim.lv\/wp-content\/uploads\/2018\/12\/slimnicam.jpg 975w, https:\/\/www.elvim.lv\/wp-content\/uploads\/2018\/12\/slimnicam-300x200.jpg 300w, https:\/\/www.elvim.lv\/wp-content\/uploads\/2018\/12\/slimnicam-768x512.jpg 768w, https:\/\/www.elvim.lv\/wp-content\/uploads\/2018\/12\/slimnicam-705x470.jpg 705w, https:\/\/www.elvim.lv\/wp-content\/uploads\/2018\/12\/slimnicam-450x300.jpg 450w\" sizes=\"(max-width: 975px) 100vw, 975px\" \/><\/a><\/div><\/div><\/div><br \/>\n\n<style type=\"text\/css\" data-created_by=\"avia_inline_auto\" id=\"style-css-av-hhzn02-fbe9d36dabe4e72d3efb7e1a7097c025\">\n#top .av_textblock_section.av-hhzn02-fbe9d36dabe4e72d3efb7e1a7097c025 .avia_textblock{\nfont-size:22px;\n}\n<\/style>\n<section  class='av_textblock_section av-hhzn02-fbe9d36dabe4e72d3efb7e1a7097c025 '   itemscope=\"itemscope\" itemtype=\"https:\/\/schema.org\/CreativeWork\" ><div class='avia_textblock av_inherit_color'  itemprop=\"text\" ><p style=\"text-align: center;\"><a href=\"https:\/\/www.elvim.lv\/en\/products\/for-hospitals\/\">For Hospitals<\/a><\/p>\n<\/div><\/section><br \/>\n<section  class='av_textblock_section av-gdv0tu-aac48e6e72a06982b24dcdeb1e73b897 '   itemscope=\"itemscope\" itemtype=\"https:\/\/schema.org\/CreativeWork\" ><div class='avia_textblock'  itemprop=\"text\" ><p>\u2022 Invaz\u012bv\u0101s kardiolo\u0123ijas un neirolo\u0123ijas produkti<br \/>\n\u2022 Produkti \u0137irur\u0123ijai<br \/>\n\u2022 Z\u0101les<\/p>\n<\/div><\/section><\/p>\n<\/div><\/div>\n<style type=\"text\/css\" data-created_by=\"avia_inline_auto\" id=\"style-css-av-dy1ste-e08b03544de21ffcdcfd7e81e1877df6\">\n.flex_cell.av-dy1ste-e08b03544de21ffcdcfd7e81e1877df6{\nvertical-align:top;\n}\n.responsive #top #wrap_all .flex_cell.av-dy1ste-e08b03544de21ffcdcfd7e81e1877df6{\npadding:30px 30px 30px 30px !important;\n}\n<\/style>\n<div class='flex_cell av-dy1ste-e08b03544de21ffcdcfd7e81e1877df6 av-gridrow-cell av_one_third no_margin  avia-builder-el-8  el_after_av_cell_one_third  el_before_av_cell_one_third  content-align-top'  ><div class='flex_cell_inner'><p>\n<style type=\"text\/css\" data-created_by=\"avia_inline_auto\" id=\"style-css-av-bxvmv6-31f584bd10b1290fe83e0ce967fc30e5\">\n.avia-image-container.av-bxvmv6-31f584bd10b1290fe83e0ce967fc30e5 img.avia_image{\nbox-shadow:none;\n}\n.avia-image-container.av-bxvmv6-31f584bd10b1290fe83e0ce967fc30e5 .av-caption-image-overlay-bg{\nopacity:0.2;\nbackground-color:#c4e7ff;\n}\n.avia-image-container.av-bxvmv6-31f584bd10b1290fe83e0ce967fc30e5 .av-image-caption-overlay-center{\ncolor:#353535;\nfont-size:30px;\n}\n<\/style>\n<div  class='avia-image-container av-bxvmv6-31f584bd10b1290fe83e0ce967fc30e5 av-styling- av-img-linked avia-align-center  avia-builder-el-9  el_before_av_textblock  avia-builder-el-first  noHover av-overlay-hover-deactivate'   itemprop=\"image\" itemscope=\"itemscope\" itemtype=\"https:\/\/schema.org\/ImageObject\" ><div class=\"avia-image-container-inner\"><div class=\"avia-image-overlay-wrap\"><a href=\"https:\/\/www.elvim.lv\/produkti\/aptiekam\/\" class='avia_image '  aria-label='aptiekam'><div class=\"av-image-caption-overlay\"><div class=\"av-caption-image-overlay-bg\"><\/div><div class=\"av-image-caption-overlay-position\"><div class=\"av-image-caption-overlay-center\"><\/div><\/div><\/div><img decoding=\"async\" fetchpriority=\"high\" class='wp-image-2427 avia-img-lazy-loading-not-2427 avia_image ' src=\"https:\/\/www.elvim.lv\/wp-content\/uploads\/2018\/12\/aptiekam.jpg\" alt='' title='aptiekam'  height=\"667\" width=\"1000\"  itemprop=\"thumbnailUrl\" srcset=\"https:\/\/www.elvim.lv\/wp-content\/uploads\/2018\/12\/aptiekam.jpg 1000w, https:\/\/www.elvim.lv\/wp-content\/uploads\/2018\/12\/aptiekam-300x200.jpg 300w, https:\/\/www.elvim.lv\/wp-content\/uploads\/2018\/12\/aptiekam-768x512.jpg 768w, https:\/\/www.elvim.lv\/wp-content\/uploads\/2018\/12\/aptiekam-705x470.jpg 705w, https:\/\/www.elvim.lv\/wp-content\/uploads\/2018\/12\/aptiekam-450x300.jpg 450w\" sizes=\"(max-width: 1000px) 100vw, 1000px\" \/><\/a><\/div><\/div><\/div><br \/>\n\n<style type=\"text\/css\" data-created_by=\"avia_inline_auto\" id=\"style-css-av-a5loea-8e2b55dc62dbea5a991781a44cadcc5c\">\n#top .av_textblock_section.av-a5loea-8e2b55dc62dbea5a991781a44cadcc5c .avia_textblock{\nfont-size:22px;\n}\n<\/style>\n<section  class='av_textblock_section av-a5loea-8e2b55dc62dbea5a991781a44cadcc5c '   itemscope=\"itemscope\" itemtype=\"https:\/\/schema.org\/CreativeWork\" ><div class='avia_textblock av_inherit_color'  itemprop=\"text\" ><p style=\"text-align: center;\"><a href=\"https:\/\/www.elvim.lv\/en\/products\/for-pharmacies\/\">For Pharmacies<\/a><\/p>\n<\/div><\/section><br \/>\n<section  class='av_textblock_section av-8o7yaq-28eff955d5d46f968f48508b65480621 '   itemscope=\"itemscope\" itemtype=\"https:\/\/schema.org\/CreativeWork\" ><div class='avia_textblock'  itemprop=\"text\" ><p>\u2022 Pla\u0161s cilv\u0113kiem paredz\u0113to z\u0101\u013cu kl\u0101sts<br \/>\n\u2022 Asinsspiediena m\u0113r\u012bt\u0101ji, inhalatori un citas iek\u0101rtas<br \/>\n\u2022 M\u0101jas diagnostikas un citi vesel\u012bbas apr\u016bpes produkti<\/p>\n<\/div><\/section><\/p>\n<\/div><\/div>\n<style type=\"text\/css\" data-created_by=\"avia_inline_auto\" id=\"style-css-av-867syq-fcb7373f3f9724c42d0295f6102fbc80\">\n.flex_cell.av-867syq-fcb7373f3f9724c42d0295f6102fbc80{\nvertical-align:top;\n}\n.responsive #top #wrap_all .flex_cell.av-867syq-fcb7373f3f9724c42d0295f6102fbc80{\npadding:30px 30px 30px 30px !important;\n}\n<\/style>\n<div class='flex_cell av-867syq-fcb7373f3f9724c42d0295f6102fbc80 av-gridrow-cell av_one_third no_margin  avia-builder-el-12  el_after_av_cell_one_third  avia-builder-el-last  content-align-top'  ><div class='flex_cell_inner'><p>\n<style type=\"text\/css\" data-created_by=\"avia_inline_auto\" id=\"style-css-av-62xyya-7721b46fb485447a71477c621a12cf6b\">\n.avia-image-container.av-62xyya-7721b46fb485447a71477c621a12cf6b img.avia_image{\nbox-shadow:none;\n}\n.avia-image-container.av-62xyya-7721b46fb485447a71477c621a12cf6b .av-caption-image-overlay-bg{\nopacity:0.2;\nbackground-color:#c4e7ff;\n}\n.avia-image-container.av-62xyya-7721b46fb485447a71477c621a12cf6b .av-image-caption-overlay-center{\ncolor:#ffffff;\nfont-size:30px;\n}\n<\/style>\n<div  class='avia-image-container av-62xyya-7721b46fb485447a71477c621a12cf6b av-styling- av-img-linked avia-align-center  avia-builder-el-13  el_before_av_textblock  avia-builder-el-first  noHover av-overlay-hover-deactivate'   itemprop=\"image\" itemscope=\"itemscope\" itemtype=\"https:\/\/schema.org\/ImageObject\" ><div class=\"avia-image-container-inner\"><div class=\"avia-image-overlay-wrap\"><a href=\"https:\/\/www.elvim.lv\/produkti\/citi-produkti\/\" class='avia_image '  aria-label='citi produkti'><div class=\"av-image-caption-overlay\"><div class=\"av-caption-image-overlay-bg\"><\/div><div class=\"av-image-caption-overlay-position\"><div class=\"av-image-caption-overlay-center\"><\/div><\/div><\/div><img decoding=\"async\" fetchpriority=\"high\" class='wp-image-2428 avia-img-lazy-loading-not-2428 avia_image ' src=\"https:\/\/www.elvim.lv\/wp-content\/uploads\/2018\/12\/citi-produkti.jpg\" alt='' title='citi produkti'  height=\"671\" width=\"1000\"  itemprop=\"thumbnailUrl\" srcset=\"https:\/\/www.elvim.lv\/wp-content\/uploads\/2018\/12\/citi-produkti.jpg 1000w, https:\/\/www.elvim.lv\/wp-content\/uploads\/2018\/12\/citi-produkti-300x201.jpg 300w, https:\/\/www.elvim.lv\/wp-content\/uploads\/2018\/12\/citi-produkti-768x515.jpg 768w, https:\/\/www.elvim.lv\/wp-content\/uploads\/2018\/12\/citi-produkti-705x473.jpg 705w, https:\/\/www.elvim.lv\/wp-content\/uploads\/2018\/12\/citi-produkti-450x302.jpg 450w\" sizes=\"(max-width: 1000px) 100vw, 1000px\" \/><\/a><\/div><\/div><\/div><br \/>\n\n<style type=\"text\/css\" data-created_by=\"avia_inline_auto\" id=\"style-css-av-46w4ia-11962fdd344a1e30b10bfd3edfa44051\">\n#top .av_textblock_section.av-46w4ia-11962fdd344a1e30b10bfd3edfa44051 .avia_textblock{\nfont-size:22px;\n}\n<\/style>\n<section  class='av_textblock_section av-46w4ia-11962fdd344a1e30b10bfd3edfa44051 '   itemscope=\"itemscope\" itemtype=\"https:\/\/schema.org\/CreativeWork\" ><div class='avia_textblock av_inherit_color'  itemprop=\"text\" ><p style=\"text-align: center;\"><a href=\"https:\/\/www.elvim.lv\/en\/products\/other-products\/\">Other products<\/a><\/p>\n<\/div><\/section><br \/>\n<section  class='av_textblock_section av-1um042-f278cffaf798fb20bf88b87285401565 '   itemscope=\"itemscope\" itemtype=\"https:\/\/schema.org\/CreativeWork\" ><div class='avia_textblock'  itemprop=\"text\" ><p>\u2022 Dezinfekcijas l\u012bdzek\u013ci<br \/>\n\u2022 Vienreiz\u0113j\u0101s lieto\u0161anas t\u0113rpi<br \/>\n\u2022 Cimdi<\/p>\n<\/div><\/section><\/p>\n<\/div><\/div><\/div>\n","protected":false},"excerpt":{"rendered":"","protected":false},"author":1,"featured_media":0,"parent":0,"menu_order":0,"comment_status":"closed","ping_status":"closed","template":"","meta":{"footnotes":""},"class_list":["post-2585","page","type-page","status-publish","hentry"],"_links":{"self":[{"href":"https:\/\/www.elvim.lv\/en\/wp-json\/wp\/v2\/pages\/2585","targetHints":{"allow":["GET"]}}],"collection":[{"href":"https:\/\/www.elvim.lv\/en\/wp-json\/wp\/v2\/pages"}],"about":[{"href":"https:\/\/www.elvim.lv\/en\/wp-json\/wp\/v2\/types\/page"}],"author":[{"embeddable":true,"href":"https:\/\/www.elvim.lv\/en\/wp-json\/wp\/v2\/users\/1"}],"replies":[{"embeddable":true,"href":"https:\/\/www.elvim.lv\/en\/wp-json\/wp\/v2\/comments?post=2585"}],"version-history":[{"count":0,"href":"https:\/\/www.elvim.lv\/en\/wp-json\/wp\/v2\/pages\/2585\/revisions"}],"wp:attachment":[{"href":"https:\/\/www.elvim.lv\/en\/wp-json\/wp\/v2\/media?parent=2585"}],"curies":[{"name":"wp","href":"https:\/\/api.w.org\/{rel}","templated":true}]}}