{"id":2532,"date":"2018-03-12T09:12:35","date_gmt":"2018-03-12T07:12:35","guid":{"rendered":"https:\/\/www.elvim.lv\/ar-zalem-saistitie-pakalpojumi\/"},"modified":"2021-09-13T11:37:48","modified_gmt":"2021-09-13T08:37:48","slug":"medicines-related-services","status":"publish","type":"page","link":"https:\/\/www.elvim.lv\/en\/services\/medicines-related-services\/","title":{"rendered":"Medicines-related services"},"content":{"rendered":"<div id='av-layout-grid-1'  class='av-layout-grid-container av-1bwixjp-e6d16847915c3f1d5a080e737214f8f3 entry-content-wrapper main_color av-fixed-cells  avia-builder-el-0  el_before_av_layout_row  avia-builder-el-first   container_wrap sidebar_right'  >\n\n<style type=\"text\/css\" data-created_by=\"avia_inline_auto\" id=\"style-css-av-18w6wb9-9879f2bb8ebda7b55086a1bc1f666e9b\">\n.flex_cell.av-18w6wb9-9879f2bb8ebda7b55086a1bc1f666e9b{\nvertical-align:middle;\nheight:300px;\nmin-height:300px;\nbackground:url(https:\/\/www.elvim.lv\/wp-content\/uploads\/2018\/12\/shapka1.png) 50% 50% no-repeat fixed ;\n}\n.responsive #top #wrap_all .flex_cell.av-18w6wb9-9879f2bb8ebda7b55086a1bc1f666e9b{\npadding:0px 0px 0px 0px !important;\n}\n<\/style>\n<div class='flex_cell av-18w6wb9-9879f2bb8ebda7b55086a1bc1f666e9b av-gridrow-cell av_one_full no_margin  avia-builder-el-1  avia-builder-el-no-sibling  content-align-middle av-zero-padding avia-full-stretch'  ><div class='flex_cell_inner'>\n<style type=\"text\/css\" data-created_by=\"avia_inline_auto\" id=\"style-css-av-kki4xtqe-ae5b77bf0211afb27f4eba00b6f1949d\">\n#top .av-special-heading.av-kki4xtqe-ae5b77bf0211afb27f4eba00b6f1949d{\npadding-bottom:25px;\nfont-size:34px;\n}\nbody .av-special-heading.av-kki4xtqe-ae5b77bf0211afb27f4eba00b6f1949d .av-special-heading-tag .heading-char{\nfont-size:25px;\n}\n#top #wrap_all .av-special-heading.av-kki4xtqe-ae5b77bf0211afb27f4eba00b6f1949d .av-special-heading-tag{\nfont-size:34px;\n}\n.av-special-heading.av-kki4xtqe-ae5b77bf0211afb27f4eba00b6f1949d .av-subheading{\nfont-size:15px;\n}\n\n@media only screen and (min-width: 480px) and (max-width: 767px){ \n#top #wrap_all .av-special-heading.av-kki4xtqe-ae5b77bf0211afb27f4eba00b6f1949d .av-special-heading-tag{\nfont-size:0.8em;\n}\n}\n\n@media only screen and (max-width: 479px){ \n#top #wrap_all .av-special-heading.av-kki4xtqe-ae5b77bf0211afb27f4eba00b6f1949d .av-special-heading-tag{\nfont-size:0.8em;\n}\n}\n<\/style>\n<div  class='av-special-heading av-kki4xtqe-ae5b77bf0211afb27f4eba00b6f1949d av-special-heading-h3 custom-color-heading blockquote modern-quote modern-centered  avia-builder-el-2  avia-builder-el-no-sibling  av-inherit-size av-linked-heading'><h3 class='av-special-heading-tag '  itemprop=\"headline\"  >MEDICINES RELATED SERVICES<\/h3><div class=\"special-heading-border\"><div class=\"special-heading-inner-border\"><\/div><\/div><\/div>\n<\/div><\/div><\/div><div id='av-layout-grid-2'  class='av-layout-grid-container av-16ftb9x-4002eb7abebe4220c2f47482c871359b entry-content-wrapper main_color av-flex-cells  avia-builder-el-3  el_after_av_layout_row  el_before_av_section  grid-row-not-first  container_wrap sidebar_right'  >\n\n<style type=\"text\/css\" data-created_by=\"avia_inline_auto\" id=\"style-css-av-14g8sn9-8f2d44174dd1b3151d1a940679a434e3\">\n.flex_cell.av-14g8sn9-8f2d44174dd1b3151d1a940679a434e3{\nvertical-align:top;\n}\n.responsive #top #wrap_all .flex_cell.av-14g8sn9-8f2d44174dd1b3151d1a940679a434e3{\npadding:30px 30px 0px 30px !important;\n}\n<\/style>\n<div class='flex_cell av-14g8sn9-8f2d44174dd1b3151d1a940679a434e3 av-gridrow-cell av_one_fourth no_margin  avia-builder-el-4  el_before_av_cell_one_fourth  avia-builder-el-first  content-align-top'  ><div class='flex_cell_inner'><section  class='av_textblock_section av-zvanhx-80d2743a9ac3851ea5ca35b71cbbc567 '   itemscope=\"itemscope\" itemtype=\"https:\/\/schema.org\/CreativeWork\" ><div class='avia_textblock'  itemprop=\"text\" ><h3 class=\"av_iconlist_title iconlist_title \">REGISTRATION<\/h3>\n<p>\u2022 Registration and monitoring of the national registration procedure<\/p>\n<p>\u2022 Monitoring of the mutual recognition procedure<\/p>\n<p>\u2022 Monitoring of the decentralized procedure<\/p>\n<p>\u2022 Coordination of registration with medicine control agencies in Lithuania and Estonia.<\/p>\n<\/div><\/section>\n<\/div><\/div>\n<style type=\"text\/css\" data-created_by=\"avia_inline_auto\" id=\"style-css-av-11h0ub9-5786bf4a2ea0d334d25d9bfad594b7c4\">\n.flex_cell.av-11h0ub9-5786bf4a2ea0d334d25d9bfad594b7c4{\nvertical-align:top;\n}\n.responsive #top #wrap_all .flex_cell.av-11h0ub9-5786bf4a2ea0d334d25d9bfad594b7c4{\npadding:30px 30px 0px 30px !important;\n}\n<\/style>\n<div class='flex_cell av-11h0ub9-5786bf4a2ea0d334d25d9bfad594b7c4 av-gridrow-cell av_one_fourth no_margin  avia-builder-el-6  el_after_av_cell_one_fourth  el_before_av_cell_one_fourth  content-align-top'  ><div class='flex_cell_inner'><section  class='av_textblock_section av-12bvb5x-098a409b8ee95d69362575ba8e151695 '   itemscope=\"itemscope\" itemtype=\"https:\/\/schema.org\/CreativeWork\" ><div class='avia_textblock'  itemprop=\"text\" ><h3 class=\"av_iconlist_title iconlist_title \">MEDICINES REIMBURSEMENT<\/h3>\n<p>\u2022 Collaboration with associations of medical professionals.<\/p>\n<p>\u2022 Pharmacoeconomic analysis<\/p>\n<p>\u2022 Submission of applications<\/p>\n<\/div><\/section><br \/>\n\n<style type=\"text\/css\" data-created_by=\"avia_inline_auto\" id=\"style-css-av-4g7des-20f953b1dadd2a26600ab12c3c80e378\">\n#top .hr.hr-invisible.av-4g7des-20f953b1dadd2a26600ab12c3c80e378{\nheight:50px;\n}\n<\/style>\n<div  class='hr av-4g7des-20f953b1dadd2a26600ab12c3c80e378 hr-invisible  avia-builder-el-8  el_after_av_textblock  el_before_av_textblock '><span class='hr-inner '><span class=\"hr-inner-style\"><\/span><\/span><\/div><br \/>\n<section  class='av_textblock_section av-kph08q0s-5c12409e9010563a2fbd49fae9c11471 '   itemscope=\"itemscope\" itemtype=\"https:\/\/schema.org\/CreativeWork\" ><div class='avia_textblock'  itemprop=\"text\" ><h3 class=\"av_iconlist_title iconlist_title \">DISTRIBUTION<\/h3>\n<\/div><\/section><\/p>\n<\/div><\/div>\n<style type=\"text\/css\" data-created_by=\"avia_inline_auto\" id=\"style-css-av-yeauxx-2e9195a55c24713a7f58d13d8238b202\">\n.flex_cell.av-yeauxx-2e9195a55c24713a7f58d13d8238b202{\nvertical-align:top;\n}\n.responsive #top #wrap_all .flex_cell.av-yeauxx-2e9195a55c24713a7f58d13d8238b202{\npadding:30px 30px 0px 30px !important;\n}\n<\/style>\n<div class='flex_cell av-yeauxx-2e9195a55c24713a7f58d13d8238b202 av-gridrow-cell av_one_fourth no_margin  avia-builder-el-10  el_after_av_cell_one_fourth  el_before_av_cell_one_fourth  content-align-top'  ><div class='flex_cell_inner'><section  class='av_textblock_section av-winl6t-ea29451d596038b726e2a482b87e2c1a '   itemscope=\"itemscope\" itemtype=\"https:\/\/schema.org\/CreativeWork\" ><div class='avia_textblock'  itemprop=\"text\" ><h3 class=\"av_iconlist_title iconlist_title \">BATCH RELEASE<\/h3>\n<p>\u2022 Analysis in EU laboratories<\/p>\n<p>\u2022 Issuance of the batch release certificates<\/p>\n<p>\u2022 Printing instructions for use, labels, packages<\/p>\n<\/div><\/section><br \/>\n\n<style type=\"text\/css\" data-created_by=\"avia_inline_auto\" id=\"style-css-av-2jtiv8-96c95be39ce18dfd42c981d0fb42306b\">\n#top .hr.hr-invisible.av-2jtiv8-96c95be39ce18dfd42c981d0fb42306b{\nheight:50px;\n}\n<\/style>\n<div  class='hr av-2jtiv8-96c95be39ce18dfd42c981d0fb42306b hr-invisible  avia-builder-el-12  el_after_av_textblock  el_before_av_textblock '><span class='hr-inner '><span class=\"hr-inner-style\"><\/span><\/span><\/div><br \/>\n<section  class='av_textblock_section av-kph091yr-c708fcefe6315b303f3b6ef0542ab2a3 '   itemscope=\"itemscope\" itemtype=\"https:\/\/schema.org\/CreativeWork\" ><div class='avia_textblock'  itemprop=\"text\" ><h3 class=\"av_iconlist_title iconlist_title \">MARKETING<\/h3>\n<\/div><\/section><\/p>\n<\/div><\/div>\n<style type=\"text\/css\" data-created_by=\"avia_inline_auto\" id=\"style-css-av-u8dp3p-a087c1d494dec86bea15894acfa2ded2\">\n.flex_cell.av-u8dp3p-a087c1d494dec86bea15894acfa2ded2{\nvertical-align:top;\n}\n.responsive #top #wrap_all .flex_cell.av-u8dp3p-a087c1d494dec86bea15894acfa2ded2{\npadding:30px 30px 0px 30px !important;\n}\n<\/style>\n<div class='flex_cell av-u8dp3p-a087c1d494dec86bea15894acfa2ded2 av-gridrow-cell av_one_fourth no_margin  avia-builder-el-14  el_after_av_cell_one_fourth  avia-builder-el-last  content-align-top'  ><div class='flex_cell_inner'><section  class='av_textblock_section av-tchxnp-678e193bb1c1ce0998d802f159c71e4c '   itemscope=\"itemscope\" itemtype=\"https:\/\/schema.org\/CreativeWork\" ><div class='avia_textblock'  itemprop=\"text\" ><h3 class=\"av_iconlist_title iconlist_title \">PHARMACOVIGILANCE<\/h3>\n<p>\u2022 Maintaining the pharmacovigilance system.<\/p>\n<\/div><\/section><br \/>\n\n<style type=\"text\/css\" data-created_by=\"avia_inline_auto\" id=\"style-css-av-pltwc5-cd95abbff043b3f26616aa29a5c1a441\">\n#top .hr.hr-invisible.av-pltwc5-cd95abbff043b3f26616aa29a5c1a441{\nheight:50px;\n}\n<\/style>\n<div  class='hr av-pltwc5-cd95abbff043b3f26616aa29a5c1a441 hr-invisible  avia-builder-el-16  el_after_av_textblock  el_before_av_textblock '><span class='hr-inner '><span class=\"hr-inner-style\"><\/span><\/span><\/div><br \/>\n<section  class='av_textblock_section av-tchxnp-678e193bb1c1ce0998d802f159c71e4c '   itemscope=\"itemscope\" itemtype=\"https:\/\/schema.org\/CreativeWork\" ><div class='avia_textblock'  itemprop=\"text\" ><h3 class=\"av_iconlist_title iconlist_title \">VERIFICATION OF MEDICINES<\/h3>\n<p>\u2022 Medicine verification services in accordance with Commission Delegated Regulation (EU) 2016\/161 of 2 October 2015 supplementing Directive 2001\/83\/EC of the European Parliament and Council<\/p>\n<\/div><\/section><\/p>\n<\/div><\/div><\/div><div id='av_section_1'  class='avia-section av-qzqvp1-bd52069bca0e2d90ee14b49e2225a8c4 main_color avia-section-default avia-no-border-styling  avia-builder-el-18  el_after_av_layout_row  el_before_av_layout_row  avia-bg-style-scroll container_wrap sidebar_right'  ><div class='container av-section-cont-open' ><div class='template-page content  av-content-small alpha units'><div class='post-entry post-entry-type-page post-entry-2532'><div class='entry-content-wrapper clearfix'>\n\n<style type=\"text\/css\" data-created_by=\"avia_inline_auto\" id=\"style-css-av-pltwc5-8b7d52be3280b8c0956056a7097bda8f\">\n#top .hr.av-pltwc5-8b7d52be3280b8c0956056a7097bda8f{\nmargin-top:10px;\nmargin-bottom:30px;\n}\n.hr.av-pltwc5-8b7d52be3280b8c0956056a7097bda8f .hr-inner{\nwidth:50px;\nborder-color:#3b99cc;\nmax-width:45%;\n}\n.hr.av-pltwc5-8b7d52be3280b8c0956056a7097bda8f .av-seperator-icon{\ncolor:#3b99cc;\n}\n.hr.av-pltwc5-8b7d52be3280b8c0956056a7097bda8f .av-seperator-icon.avia-svg-icon svg:first-child{\nfill:#3b99cc;\nstroke:#3b99cc;\n}\n<\/style>\n<div  class='hr av-pltwc5-8b7d52be3280b8c0956056a7097bda8f hr-custom  avia-builder-el-19  el_before_av_heading  avia-builder-el-first  hr-center hr-icon-yes'><span class='hr-inner inner-border-av-border-thin'><span class=\"hr-inner-style\"><\/span><\/span><span class='av-seperator-icon avia-iconfont avia-font-medical' data-av_icon='\uf10e' data-av_iconfont='medical' ><\/span><span class='hr-inner inner-border-av-border-thin'><span class=\"hr-inner-style\"><\/span><\/span><\/div>\n\n<style type=\"text\/css\" data-created_by=\"avia_inline_auto\" id=\"style-css-av-39k2dh-4162a0e31657815e33c7c04c2418d4c1\">\n#top .av-special-heading.av-39k2dh-4162a0e31657815e33c7c04c2418d4c1{\npadding-bottom:25px;\nfont-size:34px;\n}\nbody .av-special-heading.av-39k2dh-4162a0e31657815e33c7c04c2418d4c1 .av-special-heading-tag .heading-char{\nfont-size:25px;\n}\n#top #wrap_all .av-special-heading.av-39k2dh-4162a0e31657815e33c7c04c2418d4c1 .av-special-heading-tag{\nfont-size:34px;\n}\n.av-special-heading.av-39k2dh-4162a0e31657815e33c7c04c2418d4c1 .av-subheading{\nfont-size:15px;\n}\n\n@media only screen and (min-width: 480px) and (max-width: 767px){ \n#top #wrap_all .av-special-heading.av-39k2dh-4162a0e31657815e33c7c04c2418d4c1 .av-special-heading-tag{\nfont-size:0.8em;\n}\n}\n\n@media only screen and (max-width: 479px){ \n#top #wrap_all .av-special-heading.av-39k2dh-4162a0e31657815e33c7c04c2418d4c1 .av-special-heading-tag{\nfont-size:0.8em;\n}\n}\n<\/style>\n<div  class='av-special-heading av-39k2dh-4162a0e31657815e33c7c04c2418d4c1 av-special-heading-h3 custom-color-heading blockquote modern-quote modern-centered  avia-builder-el-20  el_after_av_hr  el_before_av_icon_box  av-inherit-size'><h3 class='av-special-heading-tag '  itemprop=\"headline\"  >ADVERSE DRUG REACTIONS<\/h3><div class='av-subheading av-subheading_below'><p>Please inform us about the adverse effects that have arisen while taking medications distributed by ELVIM<\/p>\n<\/div><div class=\"special-heading-border\"><div class=\"special-heading-inner-border\"><\/div><\/div><\/div>\n\n<style type=\"text\/css\" data-created_by=\"avia_inline_auto\" id=\"style-css-av-myagw5-f4c5fddd6b1fa63ffc35f98606aabc68\">\n.iconbox.av-myagw5-f4c5fddd6b1fa63ffc35f98606aabc68 .iconbox_icon{\nborder:1px solid #3b99cc;\ncolor:#3b99cc;\n}\n.iconbox.av-myagw5-f4c5fddd6b1fa63ffc35f98606aabc68 .iconbox_icon.avia-svg-icon svg:first-child{\nfill:#3b99cc;\nstroke:#3b99cc;\n}\n<\/style>\n<article  class='iconbox iconbox_top av-myagw5-f4c5fddd6b1fa63ffc35f98606aabc68 av-no-box  avia-builder-el-21  el_after_av_heading  el_before_av_textblock '  itemscope=\"itemscope\" itemtype=\"https:\/\/schema.org\/CreativeWork\" ><div class=\"iconbox_content\"><header class=\"entry-content-header\" aria-label=\"Icon: MESSAGE FORM CAN BE DOWNLOADED HERE\"><a href='https:\/\/www.elvim.lv\/wp-content\/uploads\/2018\/12\/Z\u0101\u013cu-blakusp\u0101r\u0101d\u012bbu-zi\u0146o\u0161anas-forma.doc' title='MESSAGE FORM CAN BE DOWNLOADED HERE' aria-label='MESSAGE FORM CAN BE DOWNLOADED HERE'  target=\"_blank\"  rel=\"noopener noreferrer\" class='iconbox_icon heading-color avia-iconfont avia-font-medical' data-av_icon='\uf104' data-av_iconfont='medical' title=\"MESSAGE FORM CAN BE DOWNLOADED HERE\" desc=\"MESSAGE FORM CAN BE DOWNLOADED HERE\" ><\/a><h3 class='iconbox_content_title '  itemprop=\"headline\" ><a href='https:\/\/www.elvim.lv\/wp-content\/uploads\/2018\/12\/Z\u0101\u013cu-blakusp\u0101r\u0101d\u012bbu-zi\u0146o\u0161anas-forma.doc' title='MESSAGE FORM CAN BE DOWNLOADED HERE'  target=\"_blank\"  rel=\"noopener noreferrer\">MESSAGE FORM CAN BE DOWNLOADED HERE<\/a><\/h3><\/header><div class='iconbox_content_container '  itemprop=\"text\" ><\/div><\/div><footer class=\"entry-footer\"><\/footer><\/article>\n<section  class='av_textblock_section av-l0rwat-14c3742c0112ab3665493daec096173a '   itemscope=\"itemscope\" itemtype=\"https:\/\/schema.org\/CreativeWork\" ><div class='avia_textblock'  itemprop=\"text\" ><p style=\"text-align: center;\"><em>Please fill out the form and send by email or fax:<\/em><\/p>\n<\/div><\/section>\n\n<style type=\"text\/css\" data-created_by=\"avia_inline_auto\" id=\"style-css-av-ikd0yt-dfb16c10dbaf9a86bae6eb3dc7645336\">\n#top .hr.hr-invisible.av-ikd0yt-dfb16c10dbaf9a86bae6eb3dc7645336{\nheight:20px;\n}\n<\/style>\n<div  class='hr av-ikd0yt-dfb16c10dbaf9a86bae6eb3dc7645336 hr-invisible  avia-builder-el-23  el_after_av_textblock  avia-builder-el-last '><span class='hr-inner '><span class=\"hr-inner-style\"><\/span><\/span><\/div>\n<\/p>\n<\/div><\/div><\/div><!-- close content main div --><\/div><\/div><div id='av-layout-grid-3'  class='av-layout-grid-container av-gphmat-2f1ba6dad3f28415aabfd73954e498bf entry-content-wrapper main_color av-flex-cells  avia-builder-el-24  el_after_av_section  el_before_av_layout_row  grid-row-not-first  container_wrap sidebar_right'  >\n\n<style type=\"text\/css\" data-created_by=\"avia_inline_auto\" id=\"style-css-av-fbhmx1-6c99bad67cb66607950958aa03395ba5\">\n.flex_cell.av-fbhmx1-6c99bad67cb66607950958aa03395ba5{\nvertical-align:middle;\nbackground-color:#ffffff;\n}\n.responsive #top #wrap_all .flex_cell.av-fbhmx1-6c99bad67cb66607950958aa03395ba5{\npadding:0px 0px 0px 0px !important;\n}\n<\/style>\n<div class='flex_cell av-fbhmx1-6c99bad67cb66607950958aa03395ba5 av-gridrow-cell av_one_third no_margin  avia-builder-el-25  el_before_av_cell_one_third  avia-builder-el-first  content-align-middle av-zero-padding avia-full-stretch'  ><div class='flex_cell_inner'><section  class='av_textblock_section av-drte51-addfb7ab08314205c2ecefb316efbdaf '   itemscope=\"itemscope\" itemtype=\"https:\/\/schema.org\/CreativeWork\" ><div class='avia_textblock av_inherit_color'  itemprop=\"text\" ><p style=\"text-align: center;\">24-hour phone:<\/p>\n<p style=\"text-align: center;\"><a href=\"tel:+37125494333\">+371 25494333<\/a><\/p>\n<\/div><\/section>\n<\/div><\/div>\n<style type=\"text\/css\" data-created_by=\"avia_inline_auto\" id=\"style-css-av-bt7lid-6755dae263e1aead55e0af9ffe7fa4a6\">\n.flex_cell.av-bt7lid-6755dae263e1aead55e0af9ffe7fa4a6{\nvertical-align:middle;\nbackground-color:#ffffff;\n}\n.responsive #top #wrap_all .flex_cell.av-bt7lid-6755dae263e1aead55e0af9ffe7fa4a6{\npadding:0px 0px 0px 0px !important;\n}\n<\/style>\n<div class='flex_cell av-bt7lid-6755dae263e1aead55e0af9ffe7fa4a6 av-gridrow-cell av_one_third no_margin  avia-builder-el-27  el_after_av_cell_one_third  el_before_av_cell_one_third  content-align-middle av-zero-padding avia-full-stretch'  ><div class='flex_cell_inner'><section  class='av_textblock_section av-13dun9-b33e7aa51ca323e49f262a4e766c2038 '   itemscope=\"itemscope\" itemtype=\"https:\/\/schema.org\/CreativeWork\" ><div class='avia_textblock av_inherit_color'  itemprop=\"text\" ><p style=\"text-align: center;\">E-mail<\/p>\n<p style=\"text-align: center;\"><a href=\"mailto:pharm@elvim.lv\">pharm@elvim.lv<\/a><\/p>\n<\/div><\/section>\n<\/div><\/div>\n<style type=\"text\/css\" data-created_by=\"avia_inline_auto\" id=\"style-css-av-9luaut-9fce1799ad47c8ddeb272cf25bccb742\">\n.flex_cell.av-9luaut-9fce1799ad47c8ddeb272cf25bccb742{\nvertical-align:middle;\n}\n.responsive #top #wrap_all .flex_cell.av-9luaut-9fce1799ad47c8ddeb272cf25bccb742{\npadding:0px 0px 0px 0px !important;\n}\n<\/style>\n<div class='flex_cell av-9luaut-9fce1799ad47c8ddeb272cf25bccb742 av-gridrow-cell av_one_third no_margin  avia-builder-el-29  el_after_av_cell_one_third  avia-builder-el-last  content-align-middle av-zero-padding avia-full-stretch'  ><div class='flex_cell_inner'><section  class='av_textblock_section av-6zzqrp-26484732fdd92183abc79987f5126226 '   itemscope=\"itemscope\" itemtype=\"https:\/\/schema.org\/CreativeWork\" ><div class='avia_textblock av_inherit_color'  itemprop=\"text\" ><p style=\"text-align: center;\">Fax<\/p>\n<p style=\"text-align: center;\">+371 67808430<\/p>\n<\/div><\/section>\n<\/div><\/div>\n<\/div>\n<div id='av-layout-grid-4'  class='av-layout-grid-container av-6dh4o5-bc84114b8a229cc4aef43c70deb6a7d6 entry-content-wrapper main_color av-flex-cells  avia-builder-el-31  el_after_av_layout_row  avia-builder-el-last  grid-row-not-first  container_wrap sidebar_right'  >\n\n<style type=\"text\/css\" data-created_by=\"avia_inline_auto\" id=\"style-css-av-438ivp-78b23b32034cc0f8a502a46fd2835d35\">\n.flex_cell.av-438ivp-78b23b32034cc0f8a502a46fd2835d35{\nvertical-align:top;\n}\n.responsive #top #wrap_all .flex_cell.av-438ivp-78b23b32034cc0f8a502a46fd2835d35{\npadding:0px 0px 0px 0px !important;\n}\n<\/style>\n<div class='flex_cell av-438ivp-78b23b32034cc0f8a502a46fd2835d35 av-gridrow-cell av_one_full no_margin  avia-builder-el-32  avia-builder-el-no-sibling  content-align-top av-zero-padding avia-full-stretch'  ><div class='flex_cell_inner'>\n<style type=\"text\/css\" data-created_by=\"avia_inline_auto\" id=\"style-css-av-2xjr3p-f4e6f267045dfa661c3c42ff8304772f\">\n#top .hr.hr-invisible.av-2xjr3p-f4e6f267045dfa661c3c42ff8304772f{\nheight:50px;\n}\n<\/style>\n<div  class='hr av-2xjr3p-f4e6f267045dfa661c3c42ff8304772f hr-invisible  avia-builder-el-33  avia-builder-el-no-sibling '><span class='hr-inner '><span class=\"hr-inner-style\"><\/span><\/span><\/div>\n<\/div><\/div>\n<\/div>\n","protected":false},"excerpt":{"rendered":"","protected":false},"author":1,"featured_media":0,"parent":2592,"menu_order":0,"comment_status":"closed","ping_status":"closed","template":"","meta":{"footnotes":""},"class_list":["post-2532","page","type-page","status-publish","hentry"],"_links":{"self":[{"href":"https:\/\/www.elvim.lv\/en\/wp-json\/wp\/v2\/pages\/2532","targetHints":{"allow":["GET"]}}],"collection":[{"href":"https:\/\/www.elvim.lv\/en\/wp-json\/wp\/v2\/pages"}],"about":[{"href":"https:\/\/www.elvim.lv\/en\/wp-json\/wp\/v2\/types\/page"}],"author":[{"embeddable":true,"href":"https:\/\/www.elvim.lv\/en\/wp-json\/wp\/v2\/users\/1"}],"replies":[{"embeddable":true,"href":"https:\/\/www.elvim.lv\/en\/wp-json\/wp\/v2\/comments?post=2532"}],"version-history":[{"count":7,"href":"https:\/\/www.elvim.lv\/en\/wp-json\/wp\/v2\/pages\/2532\/revisions"}],"predecessor-version":[{"id":4667,"href":"https:\/\/www.elvim.lv\/en\/wp-json\/wp\/v2\/pages\/2532\/revisions\/4667"}],"up":[{"embeddable":true,"href":"https:\/\/www.elvim.lv\/en\/wp-json\/wp\/v2\/pages\/2592"}],"wp:attachment":[{"href":"https:\/\/www.elvim.lv\/en\/wp-json\/wp\/v2\/media?parent=2532"}],"curies":[{"name":"wp","href":"https:\/\/api.w.org\/{rel}","templated":true}]}}